{"id":2,"date":"2021-12-16T01:26:11","date_gmt":"2021-12-16T01:26:11","guid":{"rendered":"http:\/\/bghome.vn\/design\/?page_id=2"},"modified":"2023-12-01T00:48:24","modified_gmt":"2023-12-01T00:48:24","slug":"trang-chu","status":"publish","type":"page","link":"https:\/\/bghome.vn\/design\/","title":{"rendered":"Trang ch\u1ee7"},"content":{"rendered":"<p>BGHOME l\u00e0 c\u00f4ng ty uy t\u00edn h\u00e0ng \u0111\u1ea7u t\u1ea1i H\u00e0 N\u1ed9i chuy\u00ean t\u01b0 v\u1ea5n thi\u1ebft k\u1ebf ki\u1ebfn tr\u00fac, thi\u1ebft k\u1ebf n\u1ed9i th\u1ea5t, s\u1ea3n xu\u1ea5t v\u00e0 thi c\u00f4ng n\u1ed9i th\u1ea5t tr\u1ef1c ti\u1ebfp<\/p>\n","protected":false},"excerpt":{"rendered":"<p>BGHOME l\u00e0 c\u00f4ng ty uy t\u00edn h\u00e0ng \u0111\u1ea7u t\u1ea1i H\u00e0 N\u1ed9i chuy\u00ean t\u01b0 v\u1ea5n thi\u1ebft k\u1ebf ki\u1ebfn tr\u00fac, thi\u1ebft k\u1ebf n\u1ed9i th\u1ea5t, s\u1ea3n xu\u1ea5t v\u00e0 thi c\u00f4ng n\u1ed9i th\u1ea5t tr\u1ef1c ti\u1ebfp<\/p>\n","protected":false},"author":9,"featured_media":135,"parent":0,"menu_order":0,"comment_status":"closed","ping_status":"open","template":"templates\/template-homepage.php","meta":{"footnotes":""},"class_list":["post-2","page","type-page","status-publish","has-post-thumbnail","hentry"],"yoast_head":"<!-- This site is optimized with the Yoast SEO plugin v20.5 - https:\/\/yoast.com\/wordpress\/plugins\/seo\/ -->\n<title>Trang ch\u1ee7 - Thi\u1ebft k\u1ebf n\u1ed9i th\u1ea5t &amp; ki\u1ebfn tr\u00fac<\/title>\n<meta name=\"description\" content=\"Chuy\u00ean t\u01b0 v\u1ea5n thi\u1ebft k\u1ebf ki\u1ebfn tr\u00fac v\u00e0 n\u1ed9i th\u1ea5t chuy\u00ean nghi\u1ec7p, tr\u00ean 15 n\u0103m kinh nghi\u1ec7m Thi\u1ebft k\u1ebf ki\u1ebfn tr\u00fac &amp; n\u1ed9i th\u1ea5t BGHOME\" \/>\n<meta name=\"robots\" content=\"index, follow, max-snippet:-1, max-image-preview:large, max-video-preview:-1\" \/>\n<link rel=\"canonical\" href=\"https:\/\/bghome.vn\/design\/\" \/>\n<meta property=\"og:locale\" content=\"vi_VN\" \/>\n<meta property=\"og:type\" content=\"article\" \/>\n<meta property=\"og:title\" content=\"Thi\u1ebft k\u1ebf ki\u1ebfn tr\u00fac &amp; n\u1ed9i th\u1ea5t BGHOME\" \/>\n<meta property=\"og:description\" content=\"BGHOME l\u00e0 c\u00f4ng ty uy t\u00edn h\u00e0ng \u0111\u1ea7u t\u1ea1i H\u00e0 N\u1ed9i chuy\u00ean t\u01b0 v\u1ea5n thi\u1ebft k\u1ebf ki\u1ebfn tr\u00fac, thi\u1ebft k\u1ebf n\u1ed9i th\u1ea5t, s\u1ea3n xu\u1ea5t v\u00e0 thi c\u00f4ng n\u1ed9i th\u1ea5t tr\u1ef1c ti\u1ebfp\" \/>\n<meta property=\"og:url\" content=\"https:\/\/bghome.vn\/design\/\" \/>\n<meta property=\"og:site_name\" content=\"Thi\u1ebft k\u1ebf n\u1ed9i th\u1ea5t &amp; ki\u1ebfn tr\u00fac\" \/>\n<meta property=\"article:modified_time\" content=\"2023-12-01T00:48:24+00:00\" \/>\n<meta property=\"og:image\" content=\"http:\/\/bghome.vn\/design\/wp-content\/uploads\/sites\/9\/2022\/01\/thiet-ke-kien-truc-noi-that1.jpg\" \/>\n\t<meta property=\"og:image:width\" content=\"626\" \/>\n\t<meta property=\"og:image:height\" content=\"417\" \/>\n\t<meta property=\"og:image:type\" content=\"image\/jpeg\" \/>\n<meta name=\"twitter:card\" content=\"summary_large_image\" \/>\n<meta name=\"twitter:title\" content=\"Thi\u1ebft k\u1ebf ki\u1ebfn tr\u00fac &amp; n\u1ed9i th\u1ea5t BGHOME\" \/>\n<meta name=\"twitter:description\" content=\"BGHOME l\u00e0 c\u00f4ng ty uy t\u00edn h\u00e0ng \u0111\u1ea7u t\u1ea1i H\u00e0 N\u1ed9i chuy\u00ean t\u01b0 v\u1ea5n thi\u1ebft k\u1ebf ki\u1ebfn tr\u00fac, thi\u1ebft k\u1ebf n\u1ed9i th\u1ea5t, s\u1ea3n xu\u1ea5t v\u00e0 thi c\u00f4ng n\u1ed9i th\u1ea5t tr\u1ef1c ti\u1ebfp\" \/>\n<meta name=\"twitter:image\" content=\"https:\/\/bghome.vn\/design\/wp-content\/uploads\/sites\/9\/2022\/01\/thiet-ke-kien-truc-noi-that1.jpg\" \/>\n<meta name=\"twitter:label1\" content=\"\u01af\u1edbc t\u00ednh th\u1eddi gian \u0111\u1ecdc\" \/>\n\t<meta name=\"twitter:data1\" content=\"1 ph\u00fat\" \/>\n<script type=\"application\/ld+json\" class=\"yoast-schema-graph\">{\"@context\":\"https:\/\/schema.org\",\"@graph\":[{\"@type\":\"WebPage\",\"@id\":\"https:\/\/bghome.vn\/design\/\",\"url\":\"https:\/\/bghome.vn\/design\/\",\"name\":\"Trang ch\u1ee7 - Thi\u1ebft k\u1ebf n\u1ed9i th\u1ea5t &amp; ki\u1ebfn tr\u00fac\",\"isPartOf\":{\"@id\":\"https:\/\/bghome.vn\/design\/#website\"},\"datePublished\":\"2021-12-16T01:26:11+00:00\",\"dateModified\":\"2023-12-01T00:48:24+00:00\",\"description\":\"Chuy\u00ean t\u01b0 v\u1ea5n thi\u1ebft k\u1ebf ki\u1ebfn tr\u00fac v\u00e0 n\u1ed9i th\u1ea5t chuy\u00ean nghi\u1ec7p, tr\u00ean 15 n\u0103m kinh nghi\u1ec7m Thi\u1ebft k\u1ebf ki\u1ebfn tr\u00fac & n\u1ed9i th\u1ea5t BGHOME\",\"breadcrumb\":{\"@id\":\"https:\/\/bghome.vn\/design\/#breadcrumb\"},\"inLanguage\":\"vi\",\"potentialAction\":[{\"@type\":\"ReadAction\",\"target\":[\"https:\/\/bghome.vn\/design\/\"]}]},{\"@type\":\"BreadcrumbList\",\"@id\":\"https:\/\/bghome.vn\/design\/#breadcrumb\",\"itemListElement\":[{\"@type\":\"ListItem\",\"position\":1,\"name\":\"Trang ch\u1ee7\",\"item\":\"https:\/\/bghome.vn\/design\/\"},{\"@type\":\"ListItem\",\"position\":2,\"name\":\"Trang ch\u1ee7\"}]},{\"@type\":\"WebSite\",\"@id\":\"https:\/\/bghome.vn\/design\/#website\",\"url\":\"https:\/\/bghome.vn\/design\/\",\"name\":\"Thi\u1ebft k\u1ebf n\u1ed9i th\u1ea5t &amp; ki\u1ebfn tr\u00fac\",\"description\":\"M\u1ed9t trang web m\u1edbi c\u1ee7a BG Home Trang\",\"publisher\":{\"@id\":\"https:\/\/bghome.vn\/design\/#organization\"},\"potentialAction\":[{\"@type\":\"SearchAction\",\"target\":{\"@type\":\"EntryPoint\",\"urlTemplate\":\"https:\/\/bghome.vn\/design\/?s={search_term_string}\"},\"query-input\":\"required name=search_term_string\"}],\"inLanguage\":\"vi\"},{\"@type\":\"Organization\",\"@id\":\"https:\/\/bghome.vn\/design\/#organization\",\"name\":\"Thi\u1ebft k\u1ebf n\u1ed9i th\u1ea5t &amp; ki\u1ebfn tr\u00fac\",\"url\":\"https:\/\/bghome.vn\/design\/\",\"logo\":{\"@type\":\"ImageObject\",\"inLanguage\":\"vi\",\"@id\":\"https:\/\/bghome.vn\/design\/#\/schema\/logo\/image\/\",\"url\":\"https:\/\/bghome.vn\/design\/wp-content\/uploads\/sites\/9\/2022\/01\/cropped-logo-512.png\",\"contentUrl\":\"https:\/\/bghome.vn\/design\/wp-content\/uploads\/sites\/9\/2022\/01\/cropped-logo-512.png\",\"width\":512,\"height\":512,\"caption\":\"Thi\u1ebft k\u1ebf n\u1ed9i th\u1ea5t &amp; ki\u1ebfn tr\u00fac\"},\"image\":{\"@id\":\"https:\/\/bghome.vn\/design\/#\/schema\/logo\/image\/\"}}]}<\/script>\n<!-- \/ Yoast SEO plugin. -->","yoast_head_json":{"title":"Trang ch\u1ee7 - Thi\u1ebft k\u1ebf n\u1ed9i th\u1ea5t &amp; ki\u1ebfn tr\u00fac","description":"Chuy\u00ean t\u01b0 v\u1ea5n thi\u1ebft k\u1ebf ki\u1ebfn tr\u00fac v\u00e0 n\u1ed9i th\u1ea5t chuy\u00ean nghi\u1ec7p, tr\u00ean 15 n\u0103m kinh nghi\u1ec7m Thi\u1ebft k\u1ebf ki\u1ebfn tr\u00fac & n\u1ed9i th\u1ea5t BGHOME","robots":{"index":"index","follow":"follow","max-snippet":"max-snippet:-1","max-image-preview":"max-image-preview:large","max-video-preview":"max-video-preview:-1"},"canonical":"https:\/\/bghome.vn\/design\/","og_locale":"vi_VN","og_type":"article","og_title":"Thi\u1ebft k\u1ebf ki\u1ebfn tr\u00fac & n\u1ed9i th\u1ea5t BGHOME","og_description":"BGHOME l\u00e0 c\u00f4ng ty uy t\u00edn h\u00e0ng \u0111\u1ea7u t\u1ea1i H\u00e0 N\u1ed9i chuy\u00ean t\u01b0 v\u1ea5n thi\u1ebft k\u1ebf ki\u1ebfn tr\u00fac, thi\u1ebft k\u1ebf n\u1ed9i th\u1ea5t, s\u1ea3n xu\u1ea5t v\u00e0 thi c\u00f4ng n\u1ed9i th\u1ea5t tr\u1ef1c ti\u1ebfp","og_url":"https:\/\/bghome.vn\/design\/","og_site_name":"Thi\u1ebft k\u1ebf n\u1ed9i th\u1ea5t &amp; ki\u1ebfn tr\u00fac","article_modified_time":"2023-12-01T00:48:24+00:00","og_image":[{"width":626,"height":417,"url":"http:\/\/bghome.vn\/design\/wp-content\/uploads\/sites\/9\/2022\/01\/thiet-ke-kien-truc-noi-that1.jpg","type":"image\/jpeg"}],"twitter_card":"summary_large_image","twitter_title":"Thi\u1ebft k\u1ebf ki\u1ebfn tr\u00fac & n\u1ed9i th\u1ea5t BGHOME","twitter_description":"BGHOME l\u00e0 c\u00f4ng ty uy t\u00edn h\u00e0ng \u0111\u1ea7u t\u1ea1i H\u00e0 N\u1ed9i chuy\u00ean t\u01b0 v\u1ea5n thi\u1ebft k\u1ebf ki\u1ebfn tr\u00fac, thi\u1ebft k\u1ebf n\u1ed9i th\u1ea5t, s\u1ea3n xu\u1ea5t v\u00e0 thi c\u00f4ng n\u1ed9i th\u1ea5t tr\u1ef1c ti\u1ebfp","twitter_image":"https:\/\/bghome.vn\/design\/wp-content\/uploads\/sites\/9\/2022\/01\/thiet-ke-kien-truc-noi-that1.jpg","twitter_misc":{"\u01af\u1edbc t\u00ednh th\u1eddi gian \u0111\u1ecdc":"1 ph\u00fat"},"schema":{"@context":"https:\/\/schema.org","@graph":[{"@type":"WebPage","@id":"https:\/\/bghome.vn\/design\/","url":"https:\/\/bghome.vn\/design\/","name":"Trang ch\u1ee7 - Thi\u1ebft k\u1ebf n\u1ed9i th\u1ea5t &amp; ki\u1ebfn tr\u00fac","isPartOf":{"@id":"https:\/\/bghome.vn\/design\/#website"},"datePublished":"2021-12-16T01:26:11+00:00","dateModified":"2023-12-01T00:48:24+00:00","description":"Chuy\u00ean t\u01b0 v\u1ea5n thi\u1ebft k\u1ebf ki\u1ebfn tr\u00fac v\u00e0 n\u1ed9i th\u1ea5t chuy\u00ean nghi\u1ec7p, tr\u00ean 15 n\u0103m kinh nghi\u1ec7m Thi\u1ebft k\u1ebf ki\u1ebfn tr\u00fac & n\u1ed9i th\u1ea5t BGHOME","breadcrumb":{"@id":"https:\/\/bghome.vn\/design\/#breadcrumb"},"inLanguage":"vi","potentialAction":[{"@type":"ReadAction","target":["https:\/\/bghome.vn\/design\/"]}]},{"@type":"BreadcrumbList","@id":"https:\/\/bghome.vn\/design\/#breadcrumb","itemListElement":[{"@type":"ListItem","position":1,"name":"Trang ch\u1ee7","item":"https:\/\/bghome.vn\/design\/"},{"@type":"ListItem","position":2,"name":"Trang ch\u1ee7"}]},{"@type":"WebSite","@id":"https:\/\/bghome.vn\/design\/#website","url":"https:\/\/bghome.vn\/design\/","name":"Thi\u1ebft k\u1ebf n\u1ed9i th\u1ea5t &amp; ki\u1ebfn tr\u00fac","description":"M\u1ed9t trang web m\u1edbi c\u1ee7a BG Home Trang","publisher":{"@id":"https:\/\/bghome.vn\/design\/#organization"},"potentialAction":[{"@type":"SearchAction","target":{"@type":"EntryPoint","urlTemplate":"https:\/\/bghome.vn\/design\/?s={search_term_string}"},"query-input":"required name=search_term_string"}],"inLanguage":"vi"},{"@type":"Organization","@id":"https:\/\/bghome.vn\/design\/#organization","name":"Thi\u1ebft k\u1ebf n\u1ed9i th\u1ea5t &amp; ki\u1ebfn tr\u00fac","url":"https:\/\/bghome.vn\/design\/","logo":{"@type":"ImageObject","inLanguage":"vi","@id":"https:\/\/bghome.vn\/design\/#\/schema\/logo\/image\/","url":"https:\/\/bghome.vn\/design\/wp-content\/uploads\/sites\/9\/2022\/01\/cropped-logo-512.png","contentUrl":"https:\/\/bghome.vn\/design\/wp-content\/uploads\/sites\/9\/2022\/01\/cropped-logo-512.png","width":512,"height":512,"caption":"Thi\u1ebft k\u1ebf n\u1ed9i th\u1ea5t &amp; ki\u1ebfn tr\u00fac"},"image":{"@id":"https:\/\/bghome.vn\/design\/#\/schema\/logo\/image\/"}}]}},"_links":{"self":[{"href":"https:\/\/bghome.vn\/design\/wp-json\/wp\/v2\/pages\/2","targetHints":{"allow":["GET"]}}],"collection":[{"href":"https:\/\/bghome.vn\/design\/wp-json\/wp\/v2\/pages"}],"about":[{"href":"https:\/\/bghome.vn\/design\/wp-json\/wp\/v2\/types\/page"}],"author":[{"embeddable":true,"href":"https:\/\/bghome.vn\/design\/wp-json\/wp\/v2\/users\/9"}],"replies":[{"embeddable":true,"href":"https:\/\/bghome.vn\/design\/wp-json\/wp\/v2\/comments?post=2"}],"version-history":[{"count":4,"href":"https:\/\/bghome.vn\/design\/wp-json\/wp\/v2\/pages\/2\/revisions"}],"predecessor-version":[{"id":524,"href":"https:\/\/bghome.vn\/design\/wp-json\/wp\/v2\/pages\/2\/revisions\/524"}],"wp:featuredmedia":[{"embeddable":true,"href":"https:\/\/bghome.vn\/design\/wp-json\/wp\/v2\/media\/135"}],"wp:attachment":[{"href":"https:\/\/bghome.vn\/design\/wp-json\/wp\/v2\/media?parent=2"}],"curies":[{"name":"wp","href":"https:\/\/api.w.org\/{rel}","templated":true}]}}