{"id":4046,"date":"2024-09-05T17:04:01","date_gmt":"2024-09-05T10:04:01","guid":{"rendered":"https:\/\/bghome.vn\/cua-go\/?post_type=product&#038;p=4046"},"modified":"2025-03-11T10:06:43","modified_gmt":"2025-03-11T03:06:43","slug":"cua-go-carbon-bgdoor-mau-c7b","status":"publish","type":"product","link":"https:\/\/bghome.vn\/cua-go\/san-pham\/cua-go-carbon-bgdoor-mau-c7b\/","title":{"rendered":"C\u1eeda g\u1ed7 Carbon BGDOOR m\u1eabu C7B"},"content":{"rendered":"<p>C\u1eeda Carbon l\u00e0m t\u1eeb v\u00e1n s\u1ee3i carbon, C\u1eeda Carbon c\u00f3 \u0111\u1eb7c t\u00ednh nh\u1eb9, c\u1ee9ng, b\u1ec1n, ch\u1ecbu nhi\u1ec7t cao, ch\u1ed1ng b\u00e1m b\u1ea9n, ch\u1ed1ng tr\u1ea7y x\u01b0\u1edbc v\u00e0 ch\u1ed1ng \u1ea9m v\u01b0\u1ee3t tr\u1ed9i.<\/p>\n","protected":false},"excerpt":{"rendered":"<p>C\u1eeda Carbon l\u00e0m t\u1eeb v\u00e1n s\u1ee3i carbon, C\u1eeda Carbon c\u00f3 \u0111\u1eb7c t\u00ednh nh\u1eb9, c\u1ee9ng, b\u1ec1n, ch\u1ecbu nhi\u1ec7t cao, ch\u1ed1ng b\u00e1m b\u1ea9n, ch\u1ed1ng tr\u1ea7y x\u01b0\u1edbc v\u00e0 ch\u1ed1ng \u1ea9m v\u01b0\u1ee3t tr\u1ed9i.<\/p>\n","protected":false},"featured_media":4031,"comment_status":"open","ping_status":"closed","template":"","meta":[],"product_cat":[202],"product_tag":[],"class_list":["post-4046","product","type-product","status-publish","has-post-thumbnail","hentry","product_cat-cua-carbon"],"yoast_head":"<!-- This site is optimized with the Yoast SEO plugin v20.5 - https:\/\/yoast.com\/wordpress\/plugins\/seo\/ -->\n<title>C\u1eeda g\u1ed7 Carbon BGDOOR m\u1eabu C7B - C\u1eeda g\u1ed7 c\u00f4ng nghi\u1ec7p BGDOOR<\/title>\n<meta name=\"description\" content=\"C\u1eeda g\u1ed7 Carbon l\u00e0m t\u1eeb v\u00e1n s\u1ee3i carbon, C\u1eeda Carbon c\u00f3 \u0111\u1eb7c t\u00ednh nh\u1eb9, c\u1ee9ng, b\u1ec1n, ch\u1ecbu nhi\u1ec7t cao, ch\u1ed1ng b\u00e1m b\u1ea9n, ch\u1ed1ng tr\u1ea7y x\u01b0\u1edbc v\u00e0 ch\u1ed1ng \u1ea9m v\u01b0\u1ee3t tr\u1ed9i.\" \/>\n<meta name=\"robots\" content=\"index, follow, max-snippet:-1, max-image-preview:large, max-video-preview:-1\" \/>\n<link rel=\"canonical\" href=\"https:\/\/bghome.vn\/cua-go\/san-pham\/cua-go-carbon-bgdoor-mau-c7b\/\" \/>\n<meta property=\"og:locale\" content=\"vi_VN\" \/>\n<meta property=\"og:type\" content=\"article\" \/>\n<meta property=\"og:title\" content=\"C\u1eeda Carbon BGDOOR m\u1eabu C7B\" \/>\n<meta property=\"og:description\" content=\"C\u1eeda Carbon l\u00e0m t\u1eeb v\u00e1n s\u1ee3i carbon, \u0111\u01b0\u1ee3c l\u00e0m t\u1eeb s\u1ee3i th\u1ef1c v\u1eadt v\u00e0 s\u1ee3i carbon, sau \u0111\u00f3 k\u1ebft h\u1ee3p v\u1edbi b\u1ed9t g\u1ed7 v\u00e0 c\u00e1c th\u00e0nh ph\u1ea7n kh\u00e1c \u0111\u1ec3 t\u1ea1o n\u00ean t\u1ea5m v\u00e1n carbon. C\u1eeda Carbon c\u00f3 \u0111\u1eb7c t\u00ednh nh\u1eb9, c\u1ee9ng, b\u1ec1n, ch\u1ecbu nhi\u1ec7t cao.\" \/>\n<meta property=\"og:url\" content=\"https:\/\/bghome.vn\/cua-go\/san-pham\/cua-go-carbon-bgdoor-mau-c7b\/\" \/>\n<meta property=\"og:site_name\" content=\"C\u1eeda g\u1ed7 c\u00f4ng nghi\u1ec7p BGDOOR\" \/>\n<meta property=\"article:modified_time\" content=\"2025-03-11T03:06:43+00:00\" \/>\n<meta property=\"og:image\" content=\"https:\/\/bghome.vn\/cua-go\/wp-content\/uploads\/sites\/5\/2024\/09\/Cua-Carbon-BGDOOR-7B.jpg\" \/>\n\t<meta property=\"og:image:width\" content=\"700\" \/>\n\t<meta property=\"og:image:height\" content=\"1048\" \/>\n\t<meta property=\"og:image:type\" content=\"image\/jpeg\" \/>\n<meta name=\"twitter:card\" content=\"summary_large_image\" \/>\n<meta name=\"twitter:title\" content=\"C\u1eeda Carbon BGDOOR m\u1eabu C7B\" \/>\n<meta name=\"twitter:description\" content=\"C\u1eeda Carbon l\u00e0m t\u1eeb v\u00e1n s\u1ee3i carbon, \u0111\u01b0\u1ee3c l\u00e0m t\u1eeb s\u1ee3i th\u1ef1c v\u1eadt v\u00e0 s\u1ee3i carbon, sau \u0111\u00f3 k\u1ebft h\u1ee3p v\u1edbi b\u1ed9t g\u1ed7 v\u00e0 c\u00e1c th\u00e0nh ph\u1ea7n kh\u00e1c \u0111\u1ec3 t\u1ea1o n\u00ean t\u1ea5m v\u00e1n carbon. C\u1eeda Carbon c\u00f3 \u0111\u1eb7c t\u00ednh nh\u1eb9, c\u1ee9ng, b\u1ec1n, ch\u1ecbu nhi\u1ec7t cao.\" \/>\n<meta name=\"twitter:image\" content=\"https:\/\/bghome.vn\/cua-go\/wp-content\/uploads\/sites\/5\/2024\/09\/Cua-Carbon-BGDOOR-7B.jpg\" \/>\n<meta name=\"twitter:label1\" content=\"\u01af\u1edbc t\u00ednh th\u1eddi gian \u0111\u1ecdc\" \/>\n\t<meta name=\"twitter:data1\" content=\"1 ph\u00fat\" \/>\n<script type=\"application\/ld+json\" class=\"yoast-schema-graph\">{\"@context\":\"https:\/\/schema.org\",\"@graph\":[{\"@type\":\"WebPage\",\"@id\":\"https:\/\/bghome.vn\/cua-go\/san-pham\/cua-go-carbon-bgdoor-mau-c7b\/\",\"url\":\"https:\/\/bghome.vn\/cua-go\/san-pham\/cua-go-carbon-bgdoor-mau-c7b\/\",\"name\":\"C\u1eeda g\u1ed7 Carbon BGDOOR m\u1eabu C7B - C\u1eeda g\u1ed7 c\u00f4ng nghi\u1ec7p BGDOOR\",\"isPartOf\":{\"@id\":\"https:\/\/bghome.vn\/cua-go\/#website\"},\"datePublished\":\"2024-09-05T10:04:01+00:00\",\"dateModified\":\"2025-03-11T03:06:43+00:00\",\"description\":\"C\u1eeda g\u1ed7 Carbon l\u00e0m t\u1eeb v\u00e1n s\u1ee3i carbon, C\u1eeda Carbon c\u00f3 \u0111\u1eb7c t\u00ednh nh\u1eb9, c\u1ee9ng, b\u1ec1n, ch\u1ecbu nhi\u1ec7t cao, ch\u1ed1ng b\u00e1m b\u1ea9n, ch\u1ed1ng tr\u1ea7y x\u01b0\u1edbc v\u00e0 ch\u1ed1ng \u1ea9m v\u01b0\u1ee3t tr\u1ed9i.\",\"breadcrumb\":{\"@id\":\"https:\/\/bghome.vn\/cua-go\/san-pham\/cua-go-carbon-bgdoor-mau-c7b\/#breadcrumb\"},\"inLanguage\":\"vi\",\"potentialAction\":[{\"@type\":\"ReadAction\",\"target\":[\"https:\/\/bghome.vn\/cua-go\/san-pham\/cua-go-carbon-bgdoor-mau-c7b\/\"]}]},{\"@type\":\"BreadcrumbList\",\"@id\":\"https:\/\/bghome.vn\/cua-go\/san-pham\/cua-go-carbon-bgdoor-mau-c7b\/#breadcrumb\",\"itemListElement\":[{\"@type\":\"ListItem\",\"position\":1,\"name\":\"Trang ch\u1ee7\",\"item\":\"https:\/\/bghome.vn\/cua-go\/\"},{\"@type\":\"ListItem\",\"position\":2,\"name\":\"C\u1eeda h\u00e0ng\",\"item\":\"https:\/\/bghome.vn\/cua-go\/cua-hang\/\"},{\"@type\":\"ListItem\",\"position\":3,\"name\":\"C\u1eeda g\u1ed7 Carbon BGDOOR m\u1eabu C7B\"}]},{\"@type\":\"WebSite\",\"@id\":\"https:\/\/bghome.vn\/cua-go\/#website\",\"url\":\"https:\/\/bghome.vn\/cua-go\/\",\"name\":\"C\u1eeda g\u1ed7 c\u00f4ng nghi\u1ec7p BGDOOR\",\"description\":\"M\u1ed9t th\u00e0nh vi\u00ean c\u1ee7a BGHOME\",\"publisher\":{\"@id\":\"https:\/\/bghome.vn\/cua-go\/#organization\"},\"potentialAction\":[{\"@type\":\"SearchAction\",\"target\":{\"@type\":\"EntryPoint\",\"urlTemplate\":\"https:\/\/bghome.vn\/cua-go\/?s={search_term_string}\"},\"query-input\":\"required name=search_term_string\"}],\"inLanguage\":\"vi\"},{\"@type\":\"Organization\",\"@id\":\"https:\/\/bghome.vn\/cua-go\/#organization\",\"name\":\"C\u1eeda g\u1ed7 c\u00f4ng nghi\u1ec7p BGDOOR\",\"url\":\"https:\/\/bghome.vn\/cua-go\/\",\"logo\":{\"@type\":\"ImageObject\",\"inLanguage\":\"vi\",\"@id\":\"https:\/\/bghome.vn\/cua-go\/#\/schema\/logo\/image\/\",\"url\":\"https:\/\/bghome.vn\/cua-go\/wp-content\/uploads\/sites\/5\/2022\/01\/cropped-cropped-logo-512-1-1-300x300-1.png\",\"contentUrl\":\"https:\/\/bghome.vn\/cua-go\/wp-content\/uploads\/sites\/5\/2022\/01\/cropped-cropped-logo-512-1-1-300x300-1.png\",\"width\":300,\"height\":300,\"caption\":\"C\u1eeda g\u1ed7 c\u00f4ng nghi\u1ec7p BGDOOR\"},\"image\":{\"@id\":\"https:\/\/bghome.vn\/cua-go\/#\/schema\/logo\/image\/\"}}]}<\/script>\n<!-- \/ Yoast SEO plugin. -->","yoast_head_json":{"title":"C\u1eeda g\u1ed7 Carbon BGDOOR m\u1eabu C7B - C\u1eeda g\u1ed7 c\u00f4ng nghi\u1ec7p BGDOOR","description":"C\u1eeda g\u1ed7 Carbon l\u00e0m t\u1eeb v\u00e1n s\u1ee3i carbon, C\u1eeda Carbon c\u00f3 \u0111\u1eb7c t\u00ednh nh\u1eb9, c\u1ee9ng, b\u1ec1n, ch\u1ecbu nhi\u1ec7t cao, ch\u1ed1ng b\u00e1m b\u1ea9n, ch\u1ed1ng tr\u1ea7y x\u01b0\u1edbc v\u00e0 ch\u1ed1ng \u1ea9m v\u01b0\u1ee3t tr\u1ed9i.","robots":{"index":"index","follow":"follow","max-snippet":"max-snippet:-1","max-image-preview":"max-image-preview:large","max-video-preview":"max-video-preview:-1"},"canonical":"https:\/\/bghome.vn\/cua-go\/san-pham\/cua-go-carbon-bgdoor-mau-c7b\/","og_locale":"vi_VN","og_type":"article","og_title":"C\u1eeda Carbon BGDOOR m\u1eabu C7B","og_description":"C\u1eeda Carbon l\u00e0m t\u1eeb v\u00e1n s\u1ee3i carbon, \u0111\u01b0\u1ee3c l\u00e0m t\u1eeb s\u1ee3i th\u1ef1c v\u1eadt v\u00e0 s\u1ee3i carbon, sau \u0111\u00f3 k\u1ebft h\u1ee3p v\u1edbi b\u1ed9t g\u1ed7 v\u00e0 c\u00e1c th\u00e0nh ph\u1ea7n kh\u00e1c \u0111\u1ec3 t\u1ea1o n\u00ean t\u1ea5m v\u00e1n carbon. C\u1eeda Carbon c\u00f3 \u0111\u1eb7c t\u00ednh nh\u1eb9, c\u1ee9ng, b\u1ec1n, ch\u1ecbu nhi\u1ec7t cao.","og_url":"https:\/\/bghome.vn\/cua-go\/san-pham\/cua-go-carbon-bgdoor-mau-c7b\/","og_site_name":"C\u1eeda g\u1ed7 c\u00f4ng nghi\u1ec7p BGDOOR","article_modified_time":"2025-03-11T03:06:43+00:00","og_image":[{"width":700,"height":1048,"url":"https:\/\/bghome.vn\/cua-go\/wp-content\/uploads\/sites\/5\/2024\/09\/Cua-Carbon-BGDOOR-7B.jpg","type":"image\/jpeg"}],"twitter_card":"summary_large_image","twitter_title":"C\u1eeda Carbon BGDOOR m\u1eabu C7B","twitter_description":"C\u1eeda Carbon l\u00e0m t\u1eeb v\u00e1n s\u1ee3i carbon, \u0111\u01b0\u1ee3c l\u00e0m t\u1eeb s\u1ee3i th\u1ef1c v\u1eadt v\u00e0 s\u1ee3i carbon, sau \u0111\u00f3 k\u1ebft h\u1ee3p v\u1edbi b\u1ed9t g\u1ed7 v\u00e0 c\u00e1c th\u00e0nh ph\u1ea7n kh\u00e1c \u0111\u1ec3 t\u1ea1o n\u00ean t\u1ea5m v\u00e1n carbon. C\u1eeda Carbon c\u00f3 \u0111\u1eb7c t\u00ednh nh\u1eb9, c\u1ee9ng, b\u1ec1n, ch\u1ecbu nhi\u1ec7t cao.","twitter_image":"https:\/\/bghome.vn\/cua-go\/wp-content\/uploads\/sites\/5\/2024\/09\/Cua-Carbon-BGDOOR-7B.jpg","twitter_misc":{"\u01af\u1edbc t\u00ednh th\u1eddi gian \u0111\u1ecdc":"1 ph\u00fat"},"schema":{"@context":"https:\/\/schema.org","@graph":[{"@type":"WebPage","@id":"https:\/\/bghome.vn\/cua-go\/san-pham\/cua-go-carbon-bgdoor-mau-c7b\/","url":"https:\/\/bghome.vn\/cua-go\/san-pham\/cua-go-carbon-bgdoor-mau-c7b\/","name":"C\u1eeda g\u1ed7 Carbon BGDOOR m\u1eabu C7B - C\u1eeda g\u1ed7 c\u00f4ng nghi\u1ec7p BGDOOR","isPartOf":{"@id":"https:\/\/bghome.vn\/cua-go\/#website"},"datePublished":"2024-09-05T10:04:01+00:00","dateModified":"2025-03-11T03:06:43+00:00","description":"C\u1eeda g\u1ed7 Carbon l\u00e0m t\u1eeb v\u00e1n s\u1ee3i carbon, C\u1eeda Carbon c\u00f3 \u0111\u1eb7c t\u00ednh nh\u1eb9, c\u1ee9ng, b\u1ec1n, ch\u1ecbu nhi\u1ec7t cao, ch\u1ed1ng b\u00e1m b\u1ea9n, ch\u1ed1ng tr\u1ea7y x\u01b0\u1edbc v\u00e0 ch\u1ed1ng \u1ea9m v\u01b0\u1ee3t tr\u1ed9i.","breadcrumb":{"@id":"https:\/\/bghome.vn\/cua-go\/san-pham\/cua-go-carbon-bgdoor-mau-c7b\/#breadcrumb"},"inLanguage":"vi","potentialAction":[{"@type":"ReadAction","target":["https:\/\/bghome.vn\/cua-go\/san-pham\/cua-go-carbon-bgdoor-mau-c7b\/"]}]},{"@type":"BreadcrumbList","@id":"https:\/\/bghome.vn\/cua-go\/san-pham\/cua-go-carbon-bgdoor-mau-c7b\/#breadcrumb","itemListElement":[{"@type":"ListItem","position":1,"name":"Trang ch\u1ee7","item":"https:\/\/bghome.vn\/cua-go\/"},{"@type":"ListItem","position":2,"name":"C\u1eeda h\u00e0ng","item":"https:\/\/bghome.vn\/cua-go\/cua-hang\/"},{"@type":"ListItem","position":3,"name":"C\u1eeda g\u1ed7 Carbon BGDOOR m\u1eabu C7B"}]},{"@type":"WebSite","@id":"https:\/\/bghome.vn\/cua-go\/#website","url":"https:\/\/bghome.vn\/cua-go\/","name":"C\u1eeda g\u1ed7 c\u00f4ng nghi\u1ec7p BGDOOR","description":"M\u1ed9t th\u00e0nh vi\u00ean c\u1ee7a BGHOME","publisher":{"@id":"https:\/\/bghome.vn\/cua-go\/#organization"},"potentialAction":[{"@type":"SearchAction","target":{"@type":"EntryPoint","urlTemplate":"https:\/\/bghome.vn\/cua-go\/?s={search_term_string}"},"query-input":"required name=search_term_string"}],"inLanguage":"vi"},{"@type":"Organization","@id":"https:\/\/bghome.vn\/cua-go\/#organization","name":"C\u1eeda g\u1ed7 c\u00f4ng nghi\u1ec7p BGDOOR","url":"https:\/\/bghome.vn\/cua-go\/","logo":{"@type":"ImageObject","inLanguage":"vi","@id":"https:\/\/bghome.vn\/cua-go\/#\/schema\/logo\/image\/","url":"https:\/\/bghome.vn\/cua-go\/wp-content\/uploads\/sites\/5\/2022\/01\/cropped-cropped-logo-512-1-1-300x300-1.png","contentUrl":"https:\/\/bghome.vn\/cua-go\/wp-content\/uploads\/sites\/5\/2022\/01\/cropped-cropped-logo-512-1-1-300x300-1.png","width":300,"height":300,"caption":"C\u1eeda g\u1ed7 c\u00f4ng nghi\u1ec7p BGDOOR"},"image":{"@id":"https:\/\/bghome.vn\/cua-go\/#\/schema\/logo\/image\/"}}]}},"_links":{"self":[{"href":"https:\/\/bghome.vn\/cua-go\/wp-json\/wp\/v2\/product\/4046","targetHints":{"allow":["GET"]}}],"collection":[{"href":"https:\/\/bghome.vn\/cua-go\/wp-json\/wp\/v2\/product"}],"about":[{"href":"https:\/\/bghome.vn\/cua-go\/wp-json\/wp\/v2\/types\/product"}],"replies":[{"embeddable":true,"href":"https:\/\/bghome.vn\/cua-go\/wp-json\/wp\/v2\/comments?post=4046"}],"wp:featuredmedia":[{"embeddable":true,"href":"https:\/\/bghome.vn\/cua-go\/wp-json\/wp\/v2\/media\/4031"}],"wp:attachment":[{"href":"https:\/\/bghome.vn\/cua-go\/wp-json\/wp\/v2\/media?parent=4046"}],"wp:term":[{"taxonomy":"product_cat","embeddable":true,"href":"https:\/\/bghome.vn\/cua-go\/wp-json\/wp\/v2\/product_cat?post=4046"},{"taxonomy":"product_tag","embeddable":true,"href":"https:\/\/bghome.vn\/cua-go\/wp-json\/wp\/v2\/product_tag?post=4046"}],"curies":[{"name":"wp","href":"https:\/\/api.w.org\/{rel}","templated":true}]}}