{"id":50,"date":"2021-12-06T09:34:51","date_gmt":"2021-12-06T09:34:51","guid":{"rendered":"http:\/\/bghome.vn\/decor\/?page_id=2"},"modified":"2024-09-05T17:25:55","modified_gmt":"2024-09-05T10:25:55","slug":"trang-chu","status":"publish","type":"page","link":"https:\/\/bghome.vn\/cua-go\/","title":{"rendered":"C\u1eeda g\u1ed7 c\u00f4ng nghi\u1ec7p BGDOOR | C\u00f4ng ty TNHH BGHOME"},"content":{"rendered":"","protected":false},"excerpt":{"rendered":"","protected":false},"author":5,"featured_media":917,"parent":0,"menu_order":0,"comment_status":"closed","ping_status":"open","template":"templates\/template-homepage.php","meta":{"footnotes":""},"class_list":["post-50","page","type-page","status-publish","has-post-thumbnail","hentry"],"yoast_head":"<!-- This site is optimized with the Yoast SEO plugin v20.5 - https:\/\/yoast.com\/wordpress\/plugins\/seo\/ -->\n<title>C\u1eeda g\u1ed7 c\u00f4ng nghi\u1ec7p BGDOOR<\/title>\n<meta name=\"description\" content=\"BGDOOR l\u00e0 th\u00e0nh vi\u00ean c\u1ee7a BGHOME , chuy\u00ean thi\u1ebft k\u1ebf, s\u1ea3n xu\u1ea5t v\u00e0 thi c\u00f4ng l\u1eafp \u0111\u1eb7t h\u1ea1ng m\u1ee5c c\u1eeda g\u1ed7 c\u00f4ng nghi\u1ec7p, c\u1eeda nh\u1ef1a Composite ch\u1ecbu n\u01b0\u1edbc.\" \/>\n<meta name=\"robots\" content=\"index, follow, max-snippet:-1, max-image-preview:large, max-video-preview:-1\" \/>\n<link rel=\"canonical\" href=\"https:\/\/bghome.vn\/cua-go\/\" \/>\n<meta property=\"og:locale\" content=\"vi_VN\" \/>\n<meta property=\"og:type\" content=\"article\" \/>\n<meta property=\"og:title\" content=\"C\u1eecA G\u1ed6 C\u00d4NG NGHI\u1ec6P BGDOOR\" \/>\n<meta property=\"og:description\" content=\"BGDOOR l\u00e0 th\u00e0nh vi\u00ean tr\u1ef1c thu\u1ed9c C\u00f4ng ty TNHH BGHOME, chuy\u00ean thi\u1ebft k\u1ebf, s\u1ea3n xu\u1ea5t v\u00e0 thi c\u00f4ng l\u1eafp \u0111\u1eb7t h\u1ea1ng m\u1ee5c c\u1eeda g\u1ed7 c\u00f4ng nghi\u1ec7p cao c\u1ea5p, b\u1ec1n \u0111\u1eb9p, sang tr\u1ecdng, gi\u00e1 c\u1ea1nh tranh.\" \/>\n<meta property=\"og:url\" content=\"https:\/\/bghome.vn\/cua-go\/\" \/>\n<meta property=\"og:site_name\" content=\"C\u1eeda g\u1ed7 c\u00f4ng nghi\u1ec7p BGDOOR\" \/>\n<meta property=\"article:modified_time\" content=\"2024-09-05T10:25:55+00:00\" \/>\n<meta property=\"og:image\" content=\"https:\/\/bghome.vn\/cua-go\/wp-content\/uploads\/sites\/5\/2022\/01\/ANH-DAI-DIEN-BGDOOR.jpg\" \/>\n\t<meta property=\"og:image:width\" content=\"1920\" \/>\n\t<meta property=\"og:image:height\" content=\"1080\" \/>\n\t<meta property=\"og:image:type\" content=\"image\/jpeg\" \/>\n<meta name=\"twitter:card\" content=\"summary_large_image\" \/>\n<meta name=\"twitter:image\" content=\"https:\/\/bghome.vn\/cua-go\/wp-content\/uploads\/sites\/5\/2022\/01\/ANH-DAI-DIEN-BGDOOR.jpg\" \/>\n<script type=\"application\/ld+json\" class=\"yoast-schema-graph\">{\"@context\":\"https:\/\/schema.org\",\"@graph\":[{\"@type\":\"WebPage\",\"@id\":\"https:\/\/bghome.vn\/cua-go\/\",\"url\":\"https:\/\/bghome.vn\/cua-go\/\",\"name\":\"C\u1eeda g\u1ed7 c\u00f4ng nghi\u1ec7p BGDOOR\",\"isPartOf\":{\"@id\":\"https:\/\/bghome.vn\/cua-go\/#website\"},\"datePublished\":\"2021-12-06T09:34:51+00:00\",\"dateModified\":\"2024-09-05T10:25:55+00:00\",\"description\":\"BGDOOR l\u00e0 th\u00e0nh vi\u00ean c\u1ee7a BGHOME , chuy\u00ean thi\u1ebft k\u1ebf, s\u1ea3n xu\u1ea5t v\u00e0 thi c\u00f4ng l\u1eafp \u0111\u1eb7t h\u1ea1ng m\u1ee5c c\u1eeda g\u1ed7 c\u00f4ng nghi\u1ec7p, c\u1eeda nh\u1ef1a Composite ch\u1ecbu n\u01b0\u1edbc.\",\"breadcrumb\":{\"@id\":\"https:\/\/bghome.vn\/cua-go\/#breadcrumb\"},\"inLanguage\":\"vi\",\"potentialAction\":[{\"@type\":\"ReadAction\",\"target\":[\"https:\/\/bghome.vn\/cua-go\/\"]}]},{\"@type\":\"BreadcrumbList\",\"@id\":\"https:\/\/bghome.vn\/cua-go\/#breadcrumb\",\"itemListElement\":[{\"@type\":\"ListItem\",\"position\":1,\"name\":\"Trang ch\u1ee7\",\"item\":\"https:\/\/bghome.vn\/cua-go\/\"},{\"@type\":\"ListItem\",\"position\":2,\"name\":\"C\u1eeda g\u1ed7 c\u00f4ng nghi\u1ec7p BGDOOR | C\u00f4ng ty TNHH BGHOME\"}]},{\"@type\":\"WebSite\",\"@id\":\"https:\/\/bghome.vn\/cua-go\/#website\",\"url\":\"https:\/\/bghome.vn\/cua-go\/\",\"name\":\"C\u1eeda g\u1ed7 c\u00f4ng nghi\u1ec7p BGDOOR\",\"description\":\"M\u1ed9t th\u00e0nh vi\u00ean c\u1ee7a BGHOME\",\"publisher\":{\"@id\":\"https:\/\/bghome.vn\/cua-go\/#organization\"},\"potentialAction\":[{\"@type\":\"SearchAction\",\"target\":{\"@type\":\"EntryPoint\",\"urlTemplate\":\"https:\/\/bghome.vn\/cua-go\/?s={search_term_string}\"},\"query-input\":\"required name=search_term_string\"}],\"inLanguage\":\"vi\"},{\"@type\":\"Organization\",\"@id\":\"https:\/\/bghome.vn\/cua-go\/#organization\",\"name\":\"C\u1eeda g\u1ed7 c\u00f4ng nghi\u1ec7p BGDOOR\",\"url\":\"https:\/\/bghome.vn\/cua-go\/\",\"logo\":{\"@type\":\"ImageObject\",\"inLanguage\":\"vi\",\"@id\":\"https:\/\/bghome.vn\/cua-go\/#\/schema\/logo\/image\/\",\"url\":\"https:\/\/bghome.vn\/cua-go\/wp-content\/uploads\/sites\/5\/2022\/01\/cropped-cropped-logo-512-1-1-300x300-1.png\",\"contentUrl\":\"https:\/\/bghome.vn\/cua-go\/wp-content\/uploads\/sites\/5\/2022\/01\/cropped-cropped-logo-512-1-1-300x300-1.png\",\"width\":300,\"height\":300,\"caption\":\"C\u1eeda g\u1ed7 c\u00f4ng nghi\u1ec7p BGDOOR\"},\"image\":{\"@id\":\"https:\/\/bghome.vn\/cua-go\/#\/schema\/logo\/image\/\"}}]}<\/script>\n<!-- \/ Yoast SEO plugin. -->","yoast_head_json":{"title":"C\u1eeda g\u1ed7 c\u00f4ng nghi\u1ec7p BGDOOR","description":"BGDOOR l\u00e0 th\u00e0nh vi\u00ean c\u1ee7a BGHOME , chuy\u00ean thi\u1ebft k\u1ebf, s\u1ea3n xu\u1ea5t v\u00e0 thi c\u00f4ng l\u1eafp \u0111\u1eb7t h\u1ea1ng m\u1ee5c c\u1eeda g\u1ed7 c\u00f4ng nghi\u1ec7p, c\u1eeda nh\u1ef1a Composite ch\u1ecbu n\u01b0\u1edbc.","robots":{"index":"index","follow":"follow","max-snippet":"max-snippet:-1","max-image-preview":"max-image-preview:large","max-video-preview":"max-video-preview:-1"},"canonical":"https:\/\/bghome.vn\/cua-go\/","og_locale":"vi_VN","og_type":"article","og_title":"C\u1eecA G\u1ed6 C\u00d4NG NGHI\u1ec6P BGDOOR","og_description":"BGDOOR l\u00e0 th\u00e0nh vi\u00ean tr\u1ef1c thu\u1ed9c C\u00f4ng ty TNHH BGHOME, chuy\u00ean thi\u1ebft k\u1ebf, s\u1ea3n xu\u1ea5t v\u00e0 thi c\u00f4ng l\u1eafp \u0111\u1eb7t h\u1ea1ng m\u1ee5c c\u1eeda g\u1ed7 c\u00f4ng nghi\u1ec7p cao c\u1ea5p, b\u1ec1n \u0111\u1eb9p, sang tr\u1ecdng, gi\u00e1 c\u1ea1nh tranh.","og_url":"https:\/\/bghome.vn\/cua-go\/","og_site_name":"C\u1eeda g\u1ed7 c\u00f4ng nghi\u1ec7p BGDOOR","article_modified_time":"2024-09-05T10:25:55+00:00","og_image":[{"width":1920,"height":1080,"url":"https:\/\/bghome.vn\/cua-go\/wp-content\/uploads\/sites\/5\/2022\/01\/ANH-DAI-DIEN-BGDOOR.jpg","type":"image\/jpeg"}],"twitter_card":"summary_large_image","twitter_image":"https:\/\/bghome.vn\/cua-go\/wp-content\/uploads\/sites\/5\/2022\/01\/ANH-DAI-DIEN-BGDOOR.jpg","schema":{"@context":"https:\/\/schema.org","@graph":[{"@type":"WebPage","@id":"https:\/\/bghome.vn\/cua-go\/","url":"https:\/\/bghome.vn\/cua-go\/","name":"C\u1eeda g\u1ed7 c\u00f4ng nghi\u1ec7p BGDOOR","isPartOf":{"@id":"https:\/\/bghome.vn\/cua-go\/#website"},"datePublished":"2021-12-06T09:34:51+00:00","dateModified":"2024-09-05T10:25:55+00:00","description":"BGDOOR l\u00e0 th\u00e0nh vi\u00ean c\u1ee7a BGHOME , chuy\u00ean thi\u1ebft k\u1ebf, s\u1ea3n xu\u1ea5t v\u00e0 thi c\u00f4ng l\u1eafp \u0111\u1eb7t h\u1ea1ng m\u1ee5c c\u1eeda g\u1ed7 c\u00f4ng nghi\u1ec7p, c\u1eeda nh\u1ef1a Composite ch\u1ecbu n\u01b0\u1edbc.","breadcrumb":{"@id":"https:\/\/bghome.vn\/cua-go\/#breadcrumb"},"inLanguage":"vi","potentialAction":[{"@type":"ReadAction","target":["https:\/\/bghome.vn\/cua-go\/"]}]},{"@type":"BreadcrumbList","@id":"https:\/\/bghome.vn\/cua-go\/#breadcrumb","itemListElement":[{"@type":"ListItem","position":1,"name":"Trang ch\u1ee7","item":"https:\/\/bghome.vn\/cua-go\/"},{"@type":"ListItem","position":2,"name":"C\u1eeda g\u1ed7 c\u00f4ng nghi\u1ec7p BGDOOR | C\u00f4ng ty TNHH BGHOME"}]},{"@type":"WebSite","@id":"https:\/\/bghome.vn\/cua-go\/#website","url":"https:\/\/bghome.vn\/cua-go\/","name":"C\u1eeda g\u1ed7 c\u00f4ng nghi\u1ec7p BGDOOR","description":"M\u1ed9t th\u00e0nh vi\u00ean c\u1ee7a BGHOME","publisher":{"@id":"https:\/\/bghome.vn\/cua-go\/#organization"},"potentialAction":[{"@type":"SearchAction","target":{"@type":"EntryPoint","urlTemplate":"https:\/\/bghome.vn\/cua-go\/?s={search_term_string}"},"query-input":"required name=search_term_string"}],"inLanguage":"vi"},{"@type":"Organization","@id":"https:\/\/bghome.vn\/cua-go\/#organization","name":"C\u1eeda g\u1ed7 c\u00f4ng nghi\u1ec7p BGDOOR","url":"https:\/\/bghome.vn\/cua-go\/","logo":{"@type":"ImageObject","inLanguage":"vi","@id":"https:\/\/bghome.vn\/cua-go\/#\/schema\/logo\/image\/","url":"https:\/\/bghome.vn\/cua-go\/wp-content\/uploads\/sites\/5\/2022\/01\/cropped-cropped-logo-512-1-1-300x300-1.png","contentUrl":"https:\/\/bghome.vn\/cua-go\/wp-content\/uploads\/sites\/5\/2022\/01\/cropped-cropped-logo-512-1-1-300x300-1.png","width":300,"height":300,"caption":"C\u1eeda g\u1ed7 c\u00f4ng nghi\u1ec7p BGDOOR"},"image":{"@id":"https:\/\/bghome.vn\/cua-go\/#\/schema\/logo\/image\/"}}]}},"_links":{"self":[{"href":"https:\/\/bghome.vn\/cua-go\/wp-json\/wp\/v2\/pages\/50","targetHints":{"allow":["GET"]}}],"collection":[{"href":"https:\/\/bghome.vn\/cua-go\/wp-json\/wp\/v2\/pages"}],"about":[{"href":"https:\/\/bghome.vn\/cua-go\/wp-json\/wp\/v2\/types\/page"}],"author":[{"embeddable":true,"href":"https:\/\/bghome.vn\/cua-go\/wp-json\/wp\/v2\/users\/5"}],"replies":[{"embeddable":true,"href":"https:\/\/bghome.vn\/cua-go\/wp-json\/wp\/v2\/comments?post=50"}],"version-history":[{"count":91,"href":"https:\/\/bghome.vn\/cua-go\/wp-json\/wp\/v2\/pages\/50\/revisions"}],"predecessor-version":[{"id":4047,"href":"https:\/\/bghome.vn\/cua-go\/wp-json\/wp\/v2\/pages\/50\/revisions\/4047"}],"wp:featuredmedia":[{"embeddable":true,"href":"https:\/\/bghome.vn\/cua-go\/wp-json\/wp\/v2\/media\/917"}],"wp:attachment":[{"href":"https:\/\/bghome.vn\/cua-go\/wp-json\/wp\/v2\/media?parent=50"}],"curies":[{"name":"wp","href":"https:\/\/api.w.org\/{rel}","templated":true}]}}